{"id":1554,"date":"2019-02-17T15:02:08","date_gmt":"2019-02-17T12:02:08","guid":{"rendered":"http:\/\/enread.by\/?page_id=1554"},"modified":"2023-10-24T17:28:04","modified_gmt":"2023-10-24T14:28:04","slug":"%d1%80%d0%b5%d1%81%d1%83%d1%80%d1%81%d1%8b","status":"publish","type":"page","link":"https:\/\/enread.by\/pl\/","title":{"rendered":"Witamy!"},"content":{"rendered":"<div class=\"entry\">\n\n\n<p class=\"has-background has-pale-pink-background-color\"><strong><a href=\"https:\/\/enread.by\/pl\/\u0430\u043b\u0444\u0430\u0432\u0438\u0442\/\">Alfabet<\/a><\/strong><\/p>\n\n\n\n<p class=\"has-background has-luminous-vivid-orange-background-color\"><strong><a href=\"https:\/\/enread.by\/pl\/\u0433\u043b\u0430\u0441\u043d\u044b\u0435-\u0431\u0443\u043a\u0432\u044b\/\">Samog\u0142oski litery<\/a><\/strong><\/p>\n\n\n\n<p class=\"has-background has-luminous-vivid-amber-background-color\"><strong><a href=\"https:\/\/enread.by\/pl\/\u0441\u043e\u0433\u043b\u0430\u0441\u043d\u044b\u0435-\u0431\u0443\u043a\u0432\u044b\/?preview_id=32&#038;preview_nonce=7fa3e2c1b9&#038;preview=true\">Sp\u00f3\u0142g\u0142oski<\/a><\/strong><\/p>\n\n\n\n<p class=\"has-background has-cyan-bluish-gray-background-color\"><strong><a href=\"https:\/\/enread.by\/pl\/\u0442\u0435\u043a\u0441\u0442\u044b-\u0434\u043b\u044f-\u0447\u0442\u0435\u043d\u0438\u044f\/\">Teksty do czytania<\/a><\/strong><\/p>\n\n\n<\/div>","protected":false},"excerpt":{"rendered":"<p>Alfabet Samog\u0142oski litery Sp\u00f3\u0142g\u0142oski Teksty do czytania<\/p>\n","protected":false},"author":1,"featured_media":0,"parent":0,"menu_order":0,"comment_status":"closed","ping_status":"closed","template":"","meta":{"footnotes":""},"class_list":["post-1554","page","type-page","status-publish"],"translation":{"provider":"WPGlobus","version":"3.0.0","language":"pl","enabled_languages":["ru","by","uk","pl","gb","fr","de","zh","hi","ko","vi","ar","fa"],"languages":{"ru":{"title":true,"content":true,"excerpt":false},"by":{"title":true,"content":true,"excerpt":false},"uk":{"title":true,"content":true,"excerpt":false},"pl":{"title":true,"content":true,"excerpt":false},"gb":{"title":true,"content":true,"excerpt":false},"fr":{"title":true,"content":true,"excerpt":false},"de":{"title":true,"content":true,"excerpt":false},"zh":{"title":true,"content":true,"excerpt":false},"hi":{"title":true,"content":true,"excerpt":false},"ko":{"title":true,"content":true,"excerpt":false},"vi":{"title":true,"content":true,"excerpt":false},"ar":{"title":true,"content":true,"excerpt":false},"fa":{"title":true,"content":true,"excerpt":false}}},"_links":{"self":[{"href":"https:\/\/enread.by\/pl\/wp-json\/wp\/v2\/pages\/1554"}],"collection":[{"href":"https:\/\/enread.by\/pl\/wp-json\/wp\/v2\/pages"}],"about":[{"href":"https:\/\/enread.by\/pl\/wp-json\/wp\/v2\/types\/page"}],"author":[{"embeddable":true,"href":"https:\/\/enread.by\/pl\/wp-json\/wp\/v2\/users\/1"}],"replies":[{"embeddable":true,"href":"https:\/\/enread.by\/pl\/wp-json\/wp\/v2\/comments?post=1554"}],"version-history":[{"count":104,"href":"https:\/\/enread.by\/pl\/wp-json\/wp\/v2\/pages\/1554\/revisions"}],"predecessor-version":[{"id":12752,"href":"https:\/\/enread.by\/pl\/wp-json\/wp\/v2\/pages\/1554\/revisions\/12752"}],"wp:attachment":[{"href":"https:\/\/enread.by\/pl\/wp-json\/wp\/v2\/media?parent=1554"}],"curies":[{"name":"wp","href":"https:\/\/api.w.org\/{rel}","templated":true}]}}