{"id":1554,"date":"2019-02-17T15:02:08","date_gmt":"2019-02-17T12:02:08","guid":{"rendered":"http:\/\/enread.by\/?page_id=1554"},"modified":"2023-10-24T17:28:04","modified_gmt":"2023-10-24T14:28:04","slug":"%d1%80%d0%b5%d1%81%d1%83%d1%80%d1%81%d1%8b","status":"publish","type":"page","link":"https:\/\/enread.by\/vi\/","title":{"rendered":"Ch\u00e0o m\u1eebng!"},"content":{"rendered":"<div class=\"entry\">\n\n\n<p class=\"has-background has-pale-pink-background-color\"><strong>B\u1ea3ng ch\u1eef c\u00e1i<\/strong><\/p>\n\n\n\n<p class=\"has-background has-luminous-vivid-orange-background-color\"><strong>Nguy\u00ean \u00e2m ch\u1eef c\u00e1i<\/strong><\/p>\n\n\n\n<p class=\"has-background has-luminous-vivid-amber-background-color\"><strong>Ph\u1ee5 \u00e2m b\u1ee9c th\u01b0<\/strong><\/p>\n\n\n\n<p class=\"has-background has-cyan-bluish-gray-background-color\"><strong>V\u0103n b\u1ea3n \u0111\u1ec3 t\u00ecm hi\u1ec3u<\/strong><\/p>\n\n\n\n<p><\/p>\n\n\n<\/div>","protected":false},"excerpt":{"rendered":"<p>B\u1ea3ng ch\u1eef c\u00e1i Nguy\u00ean \u00e2m ch\u1eef c\u00e1i Ph\u1ee5 \u00e2m b\u1ee9c th\u01b0 V\u0103n b\u1ea3n \u0111\u1ec3 t\u00ecm hi\u1ec3u<\/p>\n","protected":false},"author":1,"featured_media":0,"parent":0,"menu_order":0,"comment_status":"closed","ping_status":"closed","template":"","meta":{"footnotes":""},"class_list":["post-1554","page","type-page","status-publish"],"translation":{"provider":"WPGlobus","version":"3.0.0","language":"vi","enabled_languages":["ru","by","uk","pl","gb","fr","de","zh","hi","ko","vi","ar","fa"],"languages":{"ru":{"title":true,"content":true,"excerpt":false},"by":{"title":true,"content":true,"excerpt":false},"uk":{"title":true,"content":true,"excerpt":false},"pl":{"title":true,"content":true,"excerpt":false},"gb":{"title":true,"content":true,"excerpt":false},"fr":{"title":true,"content":true,"excerpt":false},"de":{"title":true,"content":true,"excerpt":false},"zh":{"title":true,"content":true,"excerpt":false},"hi":{"title":true,"content":true,"excerpt":false},"ko":{"title":true,"content":true,"excerpt":false},"vi":{"title":true,"content":true,"excerpt":false},"ar":{"title":true,"content":true,"excerpt":false},"fa":{"title":true,"content":true,"excerpt":false}}},"_links":{"self":[{"href":"https:\/\/enread.by\/vi\/wp-json\/wp\/v2\/pages\/1554"}],"collection":[{"href":"https:\/\/enread.by\/vi\/wp-json\/wp\/v2\/pages"}],"about":[{"href":"https:\/\/enread.by\/vi\/wp-json\/wp\/v2\/types\/page"}],"author":[{"embeddable":true,"href":"https:\/\/enread.by\/vi\/wp-json\/wp\/v2\/users\/1"}],"replies":[{"embeddable":true,"href":"https:\/\/enread.by\/vi\/wp-json\/wp\/v2\/comments?post=1554"}],"version-history":[{"count":104,"href":"https:\/\/enread.by\/vi\/wp-json\/wp\/v2\/pages\/1554\/revisions"}],"predecessor-version":[{"id":12752,"href":"https:\/\/enread.by\/vi\/wp-json\/wp\/v2\/pages\/1554\/revisions\/12752"}],"wp:attachment":[{"href":"https:\/\/enread.by\/vi\/wp-json\/wp\/v2\/media?parent=1554"}],"curies":[{"name":"wp","href":"https:\/\/api.w.org\/{rel}","templated":true}]}}